{"id":322,"date":"2020-12-19T00:54:57","date_gmt":"2020-12-19T03:54:57","guid":{"rendered":"https:\/\/machadodeassispicos.com.br\/site\/?page_id=322"},"modified":"2020-12-20T00:26:06","modified_gmt":"2020-12-20T03:26:06","slug":"nossos-ensinos","status":"publish","type":"page","link":"https:\/\/machadodeassispicos.com.br\/site\/nossos-ensinos\/","title":{"rendered":"Nossos Ensinos"},"content":{"rendered":"<section class=\"l-section wpb_row height_medium\"><div class=\"l-section-h i-cf\"><div class=\"g-cols vc_row type_default valign_top\"><div class=\"vc_col-sm-12 wpb_column vc_column_container\"><div class=\"vc_column-inner\"><div class=\"wpb_wrapper\"><div class=\"w-grid type_grid layout_324 cols_3 ratio_4x3\" id=\"us_grid_1\" data-filterable=\"true\"><style id=\"us_grid_1_css\">#us_grid_1 .w-grid-item{padding:1.5rem}#us_grid_1 .w-grid-list{margin:-1.5rem}.w-grid + #us_grid_1 .w-grid-list{margin-top:1.5rem}@media (max-width:899px){#us_grid_1 .w-grid-item{width:50%}#us_grid_1 .w-grid-item.size_2x1,#us_grid_1 .w-grid-item.size_2x2{width:100%}}@media (max-width:599px){#us_grid_1 .w-grid-list{margin:0}#us_grid_1 .w-grid-item{width:100%;padding:0;margin-bottom:1.5rem}}<\/style><style>.layout_324 .w-grid-item-h:before{padding-bottom:75.0000%}@media (min-width:600px){.layout_324 .w-grid-item.size_1x2 .w-grid-item-h:before{padding-bottom:calc(150% + 1.5rem + 1.5rem)}.layout_324 .w-grid-item.size_2x1 .w-grid-item-h:before{padding-bottom:calc(37.5% - 1.5rem * 0.75)}.layout_324 .w-grid-item.size_2x2 .w-grid-item-h:before{padding-bottom:calc(75% - 1.5rem * -0.5)}}.layout_324 .w-grid-item-h{}.layout_324 .usg_post_image_1{transition-duration:0.3s;transform-origin:50% 50%;transform:scale(1) translate(0,0)}.layout_324 .w-grid-item-h:hover .usg_post_image_1{transform:scale(1.1) translate(0,0);opacity:1}.layout_324 .usg_post_image_1{position:absolute!important;top:0!important;right:0!important;bottom:0!important;left:0!important}.layout_324 .usg_post_title_1{font-size:1.4rem!important;color:inherit!important}.layout_324 .usg_post_taxonomy_1{font-size:14px!important;font-weight:700!important;text-transform:uppercase!important;margin-right:0.6rem!important}.layout_324 .usg_vwrapper_1{color:#1a1a1a!important;position:absolute!important;left:0!important;right:2rem!important;bottom:0!important;padding-top:0.5rem!important;padding-right:2rem!important;background:#f1f6fd!important}.layout_324 .usg_hwrapper_1{margin-bottom:0!important}@media (max-width:599px){.layout_324 .usg_post_title_1{font-size:1.2rem!important}}<\/style><div class=\"w-grid-list\" ><article class=\"w-grid-item size_1x1 post-117 us_portfolio type-us_portfolio status-publish has-post-thumbnail hentry\" data-id=\"117\">\r\n\t<div class=\"w-grid-item-h\">\r\n\t\t\t\t\t<a class=\"w-grid-item-anchor\" href=\"https:\/\/machadodeassispicos.com.br\/site\/nossoensino\/educacao-infantil\/\" rel=\"bookmark\" aria-label=\"Educa\u00e7\u00e3o Infantil\"><\/a>\r\n\t\t\t\t<div class=\"w-post-elm post_image usg_post_image_1 stretched\"><a href=\"https:\/\/machadodeassispicos.com.br\/site\/nossoensino\/educacao-infantil\/\" aria-label=\"Educa\u00e7\u00e3o Infantil\"><img width=\"560\" height=\"444\" src=\"https:\/\/machadodeassispicos.com.br\/site\/wp-content\/uploads\/2020\/12\/thumbed.jpg\" class=\"attachment-large size-large wp-post-image\" alt=\"\" loading=\"lazy\" srcset=\"https:\/\/machadodeassispicos.com.br\/site\/wp-content\/uploads\/2020\/12\/thumbed.jpg 560w, https:\/\/machadodeassispicos.com.br\/site\/wp-content\/uploads\/2020\/12\/thumbed-300x238.jpg 300w\" sizes=\"(max-width: 560px) 100vw, 560px\" \/><\/a><\/div><div class=\"w-vwrapper usg_vwrapper_1 align_left valign_top\"><div class=\"w-hwrapper usg_hwrapper_1 align_left valign_top\"><\/div><h2 class=\"w-post-elm post_title usg_post_title_1 entry-title color_link_inherit has_text_color\"><a href=\"https:\/\/machadodeassispicos.com.br\/site\/nossoensino\/educacao-infantil\/\">Educa\u00e7\u00e3o Infantil<\/a><\/h2><\/div>\t<\/div>\r\n<\/article>\r\n<article class=\"w-grid-item size_1x1 post-119 us_portfolio type-us_portfolio status-publish has-post-thumbnail hentry\" data-id=\"119\">\r\n\t<div class=\"w-grid-item-h\">\r\n\t\t\t\t\t<a class=\"w-grid-item-anchor\" href=\"https:\/\/machadodeassispicos.com.br\/site\/nossoensino\/fundamental-i\/\" rel=\"bookmark\" aria-label=\"Fundamental I\"><\/a>\r\n\t\t\t\t<div class=\"w-post-elm post_image usg_post_image_1 stretched\"><a href=\"https:\/\/machadodeassispicos.com.br\/site\/nossoensino\/fundamental-i\/\" aria-label=\"Fundamental I\"><img width=\"560\" height=\"444\" src=\"https:\/\/machadodeassispicos.com.br\/site\/wp-content\/uploads\/2020\/12\/fumdanental1.jpg\" class=\"attachment-large size-large wp-post-image\" alt=\"\" loading=\"lazy\" srcset=\"https:\/\/machadodeassispicos.com.br\/site\/wp-content\/uploads\/2020\/12\/fumdanental1.jpg 560w, https:\/\/machadodeassispicos.com.br\/site\/wp-content\/uploads\/2020\/12\/fumdanental1-300x238.jpg 300w\" sizes=\"(max-width: 560px) 100vw, 560px\" \/><\/a><\/div><div class=\"w-vwrapper usg_vwrapper_1 align_left valign_top\"><div class=\"w-hwrapper usg_hwrapper_1 align_left valign_top\"><\/div><h2 class=\"w-post-elm post_title usg_post_title_1 entry-title color_link_inherit has_text_color\"><a href=\"https:\/\/machadodeassispicos.com.br\/site\/nossoensino\/fundamental-i\/\">Fundamental I<\/a><\/h2><\/div>\t<\/div>\r\n<\/article>\r\n<article class=\"w-grid-item size_1x1 post-121 us_portfolio type-us_portfolio status-publish has-post-thumbnail hentry\" data-id=\"121\">\r\n\t<div class=\"w-grid-item-h\">\r\n\t\t\t\t\t<a class=\"w-grid-item-anchor\" href=\"https:\/\/machadodeassispicos.com.br\/site\/nossoensino\/fundamental-ii\/\" rel=\"bookmark\" aria-label=\"Fundamental II\"><\/a>\r\n\t\t\t\t<div class=\"w-post-elm post_image usg_post_image_1 stretched\"><a href=\"https:\/\/machadodeassispicos.com.br\/site\/nossoensino\/fundamental-ii\/\" aria-label=\"Fundamental II\"><img width=\"560\" height=\"444\" src=\"https:\/\/machadodeassispicos.com.br\/site\/wp-content\/uploads\/2020\/12\/fundamentalII_.jpg\" class=\"attachment-large size-large wp-post-image\" alt=\"\" loading=\"lazy\" srcset=\"https:\/\/machadodeassispicos.com.br\/site\/wp-content\/uploads\/2020\/12\/fundamentalII_.jpg 560w, https:\/\/machadodeassispicos.com.br\/site\/wp-content\/uploads\/2020\/12\/fundamentalII_-300x238.jpg 300w\" sizes=\"(max-width: 560px) 100vw, 560px\" \/><\/a><\/div><div class=\"w-vwrapper usg_vwrapper_1 align_left valign_top\"><div class=\"w-hwrapper usg_hwrapper_1 align_left valign_top\"><\/div><h2 class=\"w-post-elm post_title usg_post_title_1 entry-title color_link_inherit has_text_color\"><a href=\"https:\/\/machadodeassispicos.com.br\/site\/nossoensino\/fundamental-ii\/\">Fundamental II<\/a><\/h2><\/div>\t<\/div>\r\n<\/article>\r\n<article class=\"w-grid-item size_1x1 post-124 us_portfolio type-us_portfolio status-publish has-post-thumbnail hentry\" data-id=\"124\">\r\n\t<div class=\"w-grid-item-h\">\r\n\t\t\t\t\t<a class=\"w-grid-item-anchor\" href=\"https:\/\/machadodeassispicos.com.br\/site\/nossoensino\/ensino-medio\/\" rel=\"bookmark\" aria-label=\"Ensino M\u00e9dio\"><\/a>\r\n\t\t\t\t<div class=\"w-post-elm post_image usg_post_image_1 stretched\"><a href=\"https:\/\/machadodeassispicos.com.br\/site\/nossoensino\/ensino-medio\/\" aria-label=\"Ensino M\u00e9dio\"><img width=\"560\" height=\"444\" src=\"https:\/\/machadodeassispicos.com.br\/site\/wp-content\/uploads\/2020\/12\/ensinomedio.jpg\" class=\"attachment-large size-large wp-post-image\" alt=\"\" loading=\"lazy\" srcset=\"https:\/\/machadodeassispicos.com.br\/site\/wp-content\/uploads\/2020\/12\/ensinomedio.jpg 560w, https:\/\/machadodeassispicos.com.br\/site\/wp-content\/uploads\/2020\/12\/ensinomedio-300x238.jpg 300w\" sizes=\"(max-width: 560px) 100vw, 560px\" \/><\/a><\/div><div class=\"w-vwrapper usg_vwrapper_1 align_left valign_top\"><div class=\"w-hwrapper usg_hwrapper_1 align_left valign_top\"><\/div><h2 class=\"w-post-elm post_title usg_post_title_1 entry-title color_link_inherit has_text_color\"><a href=\"https:\/\/machadodeassispicos.com.br\/site\/nossoensino\/ensino-medio\/\">Ensino M\u00e9dio<\/a><\/h2><\/div>\t<\/div>\r\n<\/article>\r\n<article class=\"w-grid-item size_1x1 post-126 us_portfolio type-us_portfolio status-publish has-post-thumbnail hentry\" data-id=\"126\">\r\n\t<div class=\"w-grid-item-h\">\r\n\t\t\t\t\t<a class=\"w-grid-item-anchor\" href=\"https:\/\/machadodeassispicos.com.br\/site\/nossoensino\/pre-enem-pre-med\/\" rel=\"bookmark\" aria-label=\"Pr\u00e9-ENEM \/ Pr\u00e9-MED\"><\/a>\r\n\t\t\t\t<div class=\"w-post-elm post_image usg_post_image_1 stretched\"><a href=\"https:\/\/machadodeassispicos.com.br\/site\/nossoensino\/pre-enem-pre-med\/\" aria-label=\"Pr\u00e9-ENEM \/ Pr\u00e9-MED\"><img width=\"560\" height=\"444\" src=\"https:\/\/machadodeassispicos.com.br\/site\/wp-content\/uploads\/2020\/12\/preenem.jpg\" class=\"attachment-large size-large wp-post-image\" alt=\"\" loading=\"lazy\" srcset=\"https:\/\/machadodeassispicos.com.br\/site\/wp-content\/uploads\/2020\/12\/preenem.jpg 560w, https:\/\/machadodeassispicos.com.br\/site\/wp-content\/uploads\/2020\/12\/preenem-300x238.jpg 300w\" sizes=\"(max-width: 560px) 100vw, 560px\" \/><\/a><\/div><div class=\"w-vwrapper usg_vwrapper_1 align_left valign_top\"><div class=\"w-hwrapper usg_hwrapper_1 align_left valign_top\"><\/div><h2 class=\"w-post-elm post_title usg_post_title_1 entry-title color_link_inherit has_text_color\"><a href=\"https:\/\/machadodeassispicos.com.br\/site\/nossoensino\/pre-enem-pre-med\/\">Pr\u00e9-ENEM \/ Pr\u00e9-MED<\/a><\/h2><\/div>\t<\/div>\r\n<\/article>\r\n<article class=\"w-grid-item size_1x1 post-128 us_portfolio type-us_portfolio status-publish has-post-thumbnail hentry\" data-id=\"128\">\r\n\t<div class=\"w-grid-item-h\">\r\n\t\t\t\t\t<a class=\"w-grid-item-anchor\" href=\"https:\/\/machadodeassispicos.com.br\/site\/nossoensino\/turmas-olimpicas\/\" rel=\"bookmark\" aria-label=\"Turmas Ol\u00edmpicas\"><\/a>\r\n\t\t\t\t<div class=\"w-post-elm post_image usg_post_image_1 stretched\"><a href=\"https:\/\/machadodeassispicos.com.br\/site\/nossoensino\/turmas-olimpicas\/\" aria-label=\"Turmas Ol\u00edmpicas\"><img width=\"560\" height=\"444\" src=\"https:\/\/machadodeassispicos.com.br\/site\/wp-content\/uploads\/2020\/12\/turmaolimpicas.jpg\" class=\"attachment-large size-large wp-post-image\" alt=\"\" loading=\"lazy\" srcset=\"https:\/\/machadodeassispicos.com.br\/site\/wp-content\/uploads\/2020\/12\/turmaolimpicas.jpg 560w, https:\/\/machadodeassispicos.com.br\/site\/wp-content\/uploads\/2020\/12\/turmaolimpicas-300x238.jpg 300w\" sizes=\"(max-width: 560px) 100vw, 560px\" \/><\/a><\/div><div class=\"w-vwrapper usg_vwrapper_1 align_left valign_top\"><div class=\"w-hwrapper usg_hwrapper_1 align_left valign_top\"><\/div><h2 class=\"w-post-elm post_title usg_post_title_1 entry-title color_link_inherit has_text_color\"><a href=\"https:\/\/machadodeassispicos.com.br\/site\/nossoensino\/turmas-olimpicas\/\">Turmas Ol\u00edmpicas<\/a><\/h2><\/div>\t<\/div>\r\n<\/article>\r\n<\/div><div class=\"w-grid-preloader\"><div class=\"g-preloader type_1\">\r\n\t<div><\/div>\r\n<\/div>\r\n<\/div>\t<div class=\"w-grid-json hidden\" onclick='return {&quot;action&quot;:&quot;us_ajax_grid&quot;,&quot;ajax_url&quot;:&quot;https:\\\/\\\/machadodeassispicos.com.br\\\/site\\\/wp-admin\\\/admin-ajax.php&quot;,&quot;infinite_scroll&quot;:0,&quot;max_num_pages&quot;:1,&quot;pagination&quot;:&quot;none&quot;,&quot;permalink_url&quot;:&quot;https:\\\/\\\/machadodeassispicos.com.br\\\/site\\\/wp-json\\\/wp\\\/v2\\\/pages\\\/322&quot;,&quot;template_vars&quot;:{&quot;columns&quot;:&quot;3&quot;,&quot;exclude_items&quot;:&quot;none&quot;,&quot;img_size&quot;:&quot;default&quot;,&quot;ignore_items_size&quot;:false,&quot;items_layout&quot;:&quot;324&quot;,&quot;items_offset&quot;:&quot;1&quot;,&quot;load_animation&quot;:&quot;none&quot;,&quot;overriding_link&quot;:&quot;post&quot;,&quot;post_id&quot;:322,&quot;query_args&quot;:{&quot;post_type&quot;:[&quot;us_portfolio&quot;],&quot;post_status&quot;:[&quot;publish&quot;],&quot;posts_per_page&quot;:&quot;6&quot;},&quot;orderby_query_args&quot;:{&quot;orderby&quot;:{&quot;post__in&quot;:&quot;ASC&quot;}},&quot;type&quot;:&quot;grid&quot;,&quot;us_grid_ajax_index&quot;:1,&quot;us_grid_filter_params&quot;:null,&quot;us_grid_index&quot;:1,&quot;_us_grid_post_type&quot;:&quot;us_portfolio&quot;}}'><\/div>\r\n\t<\/div><\/div><\/div><\/div><\/div><\/div><\/section>\n","protected":false},"excerpt":{"rendered":"As Turmas Ol\u00edmpicas do Col\u00e9gio Machado de Assis, proporcionam alto n\u00edvel de aprendizagem para que os estudantes conquistem suas aprova\u00e7\u00f5es nos curso e universidades mais concorridas do Brasil. Cada estudante vai ser acompanhado de modo que suas dificuldades sejam identificadas e trabalhadas, aumentando assim, seu potencial competitivo. Diferenciais das Turmas Ol\u00edmpicas: Carga hor\u00e1ria estendida; Acompanhamento...","protected":false},"author":1,"featured_media":0,"parent":0,"menu_order":0,"comment_status":"closed","ping_status":"closed","template":"","meta":[],"_links":{"self":[{"href":"https:\/\/machadodeassispicos.com.br\/site\/wp-json\/wp\/v2\/pages\/322"}],"collection":[{"href":"https:\/\/machadodeassispicos.com.br\/site\/wp-json\/wp\/v2\/pages"}],"about":[{"href":"https:\/\/machadodeassispicos.com.br\/site\/wp-json\/wp\/v2\/types\/page"}],"author":[{"embeddable":true,"href":"https:\/\/machadodeassispicos.com.br\/site\/wp-json\/wp\/v2\/users\/1"}],"replies":[{"embeddable":true,"href":"https:\/\/machadodeassispicos.com.br\/site\/wp-json\/wp\/v2\/comments?post=322"}],"version-history":[{"count":7,"href":"https:\/\/machadodeassispicos.com.br\/site\/wp-json\/wp\/v2\/pages\/322\/revisions"}],"predecessor-version":[{"id":598,"href":"https:\/\/machadodeassispicos.com.br\/site\/wp-json\/wp\/v2\/pages\/322\/revisions\/598"}],"wp:attachment":[{"href":"https:\/\/machadodeassispicos.com.br\/site\/wp-json\/wp\/v2\/media?parent=322"}],"curies":[{"name":"wp","href":"https:\/\/api.w.org\/{rel}","templated":true}]}}